{"id":2,"date":"2024-03-16T13:38:24","date_gmt":"2024-03-16T13:38:24","guid":{"rendered":"http:\/\/gator4118\/cgi\/addon_GT.cgi?s=GT::WP::Install::Cpanel+%28dindobiz%29+-+127.0.0.1+%5Bnocaller%5D\/?page_id=2"},"modified":"2025-08-26T15:46:42","modified_gmt":"2025-08-26T15:46:42","slug":"sample-page","status":"publish","type":"page","link":"https:\/\/dindo.biz\/web\/sample-page\/","title":{"rendered":"\ud83c\udf99\ufe0f SimpleMente Me"},"content":{"rendered":"\n<p class=\"\">\ud83c\uddec\ud83c\udde7Eng<\/p>\n\n\n\n<p class=\"\"><strong>SimpleMente Me <\/strong>\u2013 will be my space for stories and conversations!<strong> \ud83c\udf99\ufe0f<\/strong><\/p>\n\n\n\n<p class=\"\"><strong>Why a podcast?<\/strong><br>Because I feel lucky and grateful for what I experience every day, and I wanted to create a space to share this gratitude together with my passion for technology.<\/p>\n\n\n\n<p class=\"\">In each episode, together with a guest, I\u2019ll talk about experiences, ideas, reflections, and curiosities that accompany me in life and work.<br>It will also be my personal lab to experiment and play with technology, with the hope of offering useful insights and maybe inspiring those who listen.<\/p>\n\n\n\n<p class=\"\"><strong>My challenge?<\/strong>&nbsp;One episode per month. Every feedback is more than welcome! \ud83d\ude4f<\/p>\n\n\n\n<p class=\"\">\ud83c\udfa7 You can find my episodes on<\/p>\n\n\n\n<p class=\"\"><strong>Listen me on<\/strong><\/p>\n\n\n\n<div class=\"wp-block-group is-layout-grid wp-container-core-group-is-layout-478b6e6b wp-block-group-is-layout-grid\">\n<figure class=\"wp-block-image size-full wp-container-content-69bc4bdf\"><a href=\"https:\/\/podcasts.apple.com\/it\/podcast\/simplemente-me\/id1834748814\"><img loading=\"lazy\" decoding=\"async\" width=\"698\" height=\"180\" src=\"https:\/\/dindo.biz\/web\/wp-content\/uploads\/2025\/08\/apple_podcast.png\" alt=\"\" class=\"wp-image-51\" srcset=\"https:\/\/dindo.biz\/web\/wp-content\/uploads\/2025\/08\/apple_podcast.png 698w, https:\/\/dindo.biz\/web\/wp-content\/uploads\/2025\/08\/apple_podcast-300x77.png 300w\" sizes=\"auto, (max-width: 698px) 100vw, 698px\" \/><\/a><\/figure>\n\n\n\n<figure class=\"wp-block-image size-full\"><a href=\"https:\/\/open.spotify.com\/show\/5Tu2EHxZUPkfeJh9AEJfYK\"><img loading=\"lazy\" decoding=\"async\" width=\"1015\" height=\"260\" src=\"https:\/\/dindo.biz\/web\/wp-content\/uploads\/2025\/08\/Listen-on-Spotify-badge@2x-3.png\" alt=\"\" class=\"wp-image-49\" srcset=\"https:\/\/dindo.biz\/web\/wp-content\/uploads\/2025\/08\/Listen-on-Spotify-badge@2x-3.png 1015w, https:\/\/dindo.biz\/web\/wp-content\/uploads\/2025\/08\/Listen-on-Spotify-badge@2x-3-300x77.png 300w, https:\/\/dindo.biz\/web\/wp-content\/uploads\/2025\/08\/Listen-on-Spotify-badge@2x-3-768x197.png 768w\" sizes=\"auto, (max-width: 1015px) 100vw, 1015px\" \/><\/a><\/figure>\n\n\n\n<figure class=\"wp-block-image size-large\"><a href=\"https:\/\/music.amazon.it\/podcasts\/98442157-af5e-4769-ba67-8fbd96a124a6\/simplemente-me\"><img loading=\"lazy\" decoding=\"async\" width=\"1024\" height=\"249\" src=\"https:\/\/dindo.biz\/web\/wp-content\/uploads\/2025\/08\/US_ListenOn_AmazonMusic_Button_US_Cyan.aa27dae0-1024x249.png\" alt=\"\" class=\"wp-image-50\" srcset=\"https:\/\/dindo.biz\/web\/wp-content\/uploads\/2025\/08\/US_ListenOn_AmazonMusic_Button_US_Cyan.aa27dae0-1024x249.png 1024w, https:\/\/dindo.biz\/web\/wp-content\/uploads\/2025\/08\/US_ListenOn_AmazonMusic_Button_US_Cyan.aa27dae0-300x73.png 300w, https:\/\/dindo.biz\/web\/wp-content\/uploads\/2025\/08\/US_ListenOn_AmazonMusic_Button_US_Cyan.aa27dae0-768x187.png 768w, https:\/\/dindo.biz\/web\/wp-content\/uploads\/2025\/08\/US_ListenOn_AmazonMusic_Button_US_Cyan.aa27dae0.png 1374w\" sizes=\"auto, (max-width: 1024px) 100vw, 1024px\" \/><\/a><\/figure>\n\n\n\n<p class=\"\"><\/p>\n<\/div>\n\n\n\n<p class=\"\">\ud83c\uddee\ud83c\uddf9 ITA<\/p>\n\n\n\n<p class=\"\"><strong>SimpleMente Me<\/strong> &#8211; sar\u00e0 il mio spazio dei racconti e confronti! \ud83c\udf99\ufe0f<\/p>\n\n\n\n<p class=\"\">Perch\u00e9 un podcast?<br>Perch\u00e9 mi sento una persona fortunata e grata per quello che vivo ogni giorno, e volevo creare uno spazio per condividere questa gratitudine unita alla mia passione per la tecnologia.<\/p>\n\n\n\n<p class=\"\">In ogni episodio, insieme a un ospite, parler\u00f2 di esperienze, idee, riflessioni e curiosit\u00e0 che mi accompagnano nella vita e nel lavoro.<br>Sar\u00e0 anche il mio laboratorio per sperimentare e giocare con le tecnologie, con la speranza di offrire spunti utili e magari ispirare chi ascolta.<\/p>\n\n\n\n<p class=\"\"><strong>La mia sfida?<\/strong> Un episodio al mese. Ogni feedback \u00e8 pi\u00f9 che benvenuto! \ud83d\ude4f<\/p>\n\n\n\n<p class=\"\"><\/p>\n","protected":false},"excerpt":{"rendered":"<p>\ud83c\uddec\ud83c\udde7Eng SimpleMente Me \u2013 will be my space for stories and conversations! \ud83c\udf99\ufe0f Why a podcast?Because I feel lucky and grateful for what I experience every day, and I wanted to create a space to share this gratitude together with my passion for technology. In each episode, together with a guest, I\u2019ll talk about experiences, [&hellip;]<\/p>\n","protected":false},"author":1,"featured_media":0,"parent":0,"menu_order":0,"comment_status":"closed","ping_status":"open","template":"","meta":{"nf_dc_page":"","om_disable_all_campaigns":false,"_monsterinsights_skip_tracking":false,"_monsterinsights_sitenote_active":false,"_monsterinsights_sitenote_note":"","_monsterinsights_sitenote_category":0,"footnotes":""},"class_list":["post-2","page","type-page","status-publish","hentry"],"_links":{"self":[{"href":"https:\/\/dindo.biz\/web\/wp-json\/wp\/v2\/pages\/2","targetHints":{"allow":["GET"]}}],"collection":[{"href":"https:\/\/dindo.biz\/web\/wp-json\/wp\/v2\/pages"}],"about":[{"href":"https:\/\/dindo.biz\/web\/wp-json\/wp\/v2\/types\/page"}],"author":[{"embeddable":true,"href":"https:\/\/dindo.biz\/web\/wp-json\/wp\/v2\/users\/1"}],"replies":[{"embeddable":true,"href":"https:\/\/dindo.biz\/web\/wp-json\/wp\/v2\/comments?post=2"}],"version-history":[{"count":6,"href":"https:\/\/dindo.biz\/web\/wp-json\/wp\/v2\/pages\/2\/revisions"}],"predecessor-version":[{"id":57,"href":"https:\/\/dindo.biz\/web\/wp-json\/wp\/v2\/pages\/2\/revisions\/57"}],"wp:attachment":[{"href":"https:\/\/dindo.biz\/web\/wp-json\/wp\/v2\/media?parent=2"}],"curies":[{"name":"wp","href":"https:\/\/api.w.org\/{rel}","templated":true}]}}